{"id":6,"date":"2015-11-25T09:35:08","date_gmt":"2015-11-25T09:35:08","guid":{"rendered":"http:\/\/nobleuniversity.ac.in\/nobcon\/?page_id=6"},"modified":"2024-11-24T11:57:18","modified_gmt":"2024-11-24T06:27:18","slug":"organizing-committee","status":"publish","type":"page","link":"https:\/\/nobleuniversity.ac.in\/nobcon\/organizing-committee\/","title":{"rendered":"Organizing Committee"},"content":{"rendered":"<div class=\"su-row organizers\">\n<strong>Torchbearers of  Noble University<\/strong><\/p>\n<ul>\n<li>Shri. Nileshbhai Dhulesia \u2013 President<\/li>\n<li>Shri. Girishbhai Kotecha \u2013 Vice President<\/li>\n<li>Shri. V. P. Trivedi \u2013 Managing Trustee<\/li>\n<li>Shri. K. D. Pandya \u2013 Co-Managing Trustee<\/li>\n<li>Shri Parth Dhulesia \u2013 Associate President<\/li>\n<li>Shri Parth Kotecha \u2013 Associate Vice President<\/li>\n<li>Dr. Manish Trivedi \u2013 Associate Managing Trustee<\/li>\n<li>Shri Siddharth Pandya \u2013 Associate Co-Managing Trustee<\/li>\n<\/ul>\n<p><strong>Chief Patron<\/strong><\/p>\n<ul>\n<li>Dr. H.N. Kher \u2013 Provost- Noble University<\/li>\n<\/ul>\n<p><strong>Patron<\/strong><\/p>\n<ul>\n<li>Dr. C. D. Shankhavara &#8211; Vice Provost, Noble University<\/li>\n<\/ul>\n<p><strong>Chief Guest<\/strong><\/p>\n<ul>\n<li>Dr. Anamik Shah -President ISCB &amp; Former Vice Chancellor, Gujarat Vidhyapith,<br \/>\nAhmedabad<\/li>\n<\/ul>\n<p><strong>Conference Co-ordinator<\/strong><\/p>\n<ul>\n<li>Dr. Jay Talati Registrar- Noble University<\/li>\n<\/ul>\n<p><strong>Conference Co-Coordinators<\/strong><\/p>\n<ul>\n<li>Dr. Riddhi Sanghvi &#8211; Dean, FODS<\/li>\n<li>Dr. Darshan Jani &#8211; Dean, FOS<\/li>\n<\/ul>\n<p><strong>Conference Convenors<\/strong><\/p>\n<ul>\n<li>Dr. Bhargav Rajyagor <\/li>\n<li>Dr. Gaurav Jagad<\/li>\n<li>Dr. Ram Darshit<\/li>\n<li>Dr. Aditya Patil<\/li>\n<li>Dr. Swati Singh<\/li>\n<li>Dr. Vandna Ravaiya<\/li>\n<li>Dr. Shital Budhdev<\/li>\n<li>Dr. Dhiren Tarai<\/li>\n<li>Dr. Ramesh Boricha<\/li>\n<li>Prof. Namrata Gondalia<\/li>\n<li>Prof. Jitendra Jindal<\/li>\n<li>Prof. Rajesh Samata<\/li>\n<li>Prof. Vipul Parmar<\/li>\n<li>Prof. Suresh Tank<\/li>\n<li>Prof. Manish Bharai<\/li>\n<\/ul>\n<p><strong>Program Chairs<\/strong><\/p>\n<ul>\n<li>Dr. C.D. Shankhavara &#8211; Dean, Faculty of Engineering &#038; Technology<\/li>\n<li>Dr. Santosh Kirtane &#8211; Dean, Faculty of Pharmacy<\/li>\n<li>Prof. Kailash Naghera &#8211; Assistant Professor, FOMC<\/li>\n<li>Dr. Amul Kotadia &#8211; Associate Professor, FOMC<\/li>\n<li>Dr. Darsan Jani &#8211; Dean, FOS<\/li>\n<li>Dr. Monoj Runghe &#8211; Dean, FOA<\/li>\n<li>Dr. Prem Nidhan Pal Chowdhury &#8211; Dean, FOH<\/li>\n<li>Dr. Rahul Joshi &#8211; Dean, FOL<\/li>\n<li>Prof. Paresh Vora &#8211; Dean, FOC<\/li>\n<li>Prof. Darshna Bosamiya &#8211; Dean, FOE<\/li>\n<li>Mr. Bipin Pandya &#8211; Dean, FON<\/li>\n<li>Prof. Dipesh Bhogayata &#8211; Dean, FOHAS<\/li>\n<li>Dr. Dikshit Parsana &#8211; Dean, FOAH<\/li>\n<li>Dr. Hardik B Bhatt -Principal, SET Science College<\/li>\n<\/ul>\n<p><strong>Communication Chairs<\/strong><\/p>\n<ul>\n<li>Prof. Jigar Dave &#8211; Academic Incharge &#038; Assitant Professor, Faculty of Computer Application<\/li>\n<li>Prof.Kausar Marfani &#8211; Assistant Professor &#038; Training and Placement Officer, FOMC<\/li>\n<\/ul>\n<p><strong>Technical Chairs<\/strong><\/p>\n<ul>\n<li>Prof. Nilesh Khanderiya &#8211;  Assitant Professor, FOMC<\/li>\n<li>Mr.Mr. Dharmesh Seth &#8211; Chief Financial Officer<\/li>\n<\/ul>\n<p><strong> Finance Chairs<\/strong><\/p>\n<ul>\n<li>Prof. Vijay Bhatu &#8211;  Assitant Professor, FOMC<\/li>\n<li>Prof.Drashti Vaishnav &#8211; Assistant Professor, FOMC<\/li>\n<\/ul>\n<\/div>\n<div class=\"su-row advisory-board\">\n<table class=\"nobcon-committee\">\n<tbody>\n<tr>\n<td><strong>Session Chairs<\/strong><\/p>\n<ul>\n<li>Dr. Bhrantav Vora , Assistant Professor-LDRP Institute of Technology and Research MCA Department Gandhinagar<\/li>\n<li>Prof. Atulgiri Mayagiri Gonsai , Professor-Department of computer science, Saurashtra University, Rajkot<\/li>\n<li>Dr. Pravin Tirgar , Director-School of Pharmacy, RK University, Rajkot<\/li>\n<li>Prof.Dr.Atul Bhatt , Professor and Head of department library science-Gujarat University<\/li>\n<li>Dr.Shishir Mandalia , Associate professor library science department,Sardar patel university<\/li>\n<li>Dr.prashant chauhan , Assistant professor-Darbar Gopaldas College of Education<\/li>\n<li>Dr. Hardik B Bhatt , Principal-SET Science College<\/li>\n<li>Dr Sameer Rohadia , BI Developer &#038; IT Triner-Hannover Re,Germony<\/li>\n<li>Dr. Ankit Katrodia , Associate Professor-North West University, Mafekig at South Africa<\/li>\n<li>Dr. P. M. Makwana,Assistant Professor -Kamdhenu University<\/li>\n<li>Dr. Tejas Gosavi,Moderator-All India Homoeopathic students and youth association<\/li>\n<li>Dr. Gira Mankad,Associate professor-M.V.M. Science and Home science College <\/li>\n<li>Dr. Ashish Tanna,Dean, School of Science, RK University<\/li>\n<li>Dr. Nishith Dharaiya ,Director &#8211; Centre of excellence for wildlife and conservation studies,BKNMU<\/li>\n<\/ul>\n<\/td>\n<\/tr>\n<tr>\n<td><strong>Advisory Board<\/strong><\/p>\n<ul>\n<li>Dr. Ankit Katrodia &#8211; North-West University, South Africa<\/li>\n<li>Dr. Sameer Rohadia &#8211; BI Developer &#038; IT Trainer, Germany<\/li>\n<li>Dr. Sharad Patil &#8211; Professor, Savitribai Phule Pune University, Pune<\/li>\n<li>Dr. Vinit Upadhyay &#8211; Mumbai University, Maharashtra<\/li>\n<li>Dr. Arjun Dave &#8211; Vedant Knowledge System Pvt. Ltd<\/li>\n<li>Dr. Vipul Vakeriya &#8211; Dean, Parul University, Vadodara<\/li>\n<li>Dr. Aarti Joshi &#8211; Dean, RKU, Rajkot<\/li>\n<li>Dr. Sudhir Yadav &#8211; PDEU, Gandhinagar<\/li>\n<li>Prof. S. Janardhanan &#8211; IIT Delhi, New Delhi<\/li>\n<li>Dr. S. C. Bera &#8211; Group Head, SAC, Ahmedabad<\/li>\n<li>Dr. G. L. Sharma &#8211; Dean, Manipal University, Jaipur<\/li>\n<li>Dr. R. D. Dhamsania &#8211; Principal, Darshan University, Rajkot<\/li>\n<li>Dr. J. K. Patel &#8211; Dean, Sankalchand Patel University, Visnagar<\/li>\n<li>Dr. Narayan Baser &#8211; PDEU, Gandhinagar<\/li>\n<li>Dr. H. N. Mishra &#8211; Nirma University, Ahmedabad<\/li>\n<li>Dr. Ketan Kotecha &#8211; Dean and Director, SIT, Pune<\/li>\n<li>Dr. Nirbhay Chaubey &#8211; Dean, Ganpat University, Mehsana<\/li>\n<li>Dr. Shaswati Ray &#8211; Professor, BIT, Bhilai<\/li>\n<li>Dr. Sunil Jakhoria &#8211; Marwadi University, Rajkot<\/li>\n<li>Dr. Jigna Trivedi &#8211; NICM, Gandhinagar<\/li>\n<li>Dr. Abbasi Attarwala &#8211; Mumbai University<\/li>\n<li>Dr. K. L. Koradia &#8211; Noble Ayurveda College, Junagadh<\/li>\n<li>Dr. Jatin Mashru &#8211; Noble Homeopathy College, Junagadh<\/li>\n<li>Dr. A H Bapodara-HOD Department of forensic science and chemistry, BKNMU<\/li>\n<li>DR Hardik Gohel , Associate Professor &#038; Director of Research Director of MS Data Science Program &#038; Applied AI Research Lab,University of Houston &#8211; Voctoria 3007, N.Ben Wilson St. Victoria<\/li>\n<li>Dr. Dhavalkumar patel , Sr. Specialist, Quality Assurance-Moderna Therapeutics Inc.,USA<\/li>\n<li>Kristen Suagee Beauty , Librarian-pima county public library,Arizona Tucson USA<\/li>\n<li>Dr.Suhaskumar ruprao patil , Principal-Government College of education yavatmal<\/li>\n<li>Dr. Dhruv Desai , Post Doctoral AssociateUniversity of Pennsylvania School of Veterinary medicine, PA<\/li>\n<li>Patricio De los R\u00edos-Escalante , Professor-Universidad Cat\u00f3lica de Temuco Facultad de Recursos Naturales Departamento de Ciencias Biol\u00f3gicas y Qu\u00edmicas Casilla<\/li>\n<li>Dr. A H Bapodara , HOD Department of forensic science and chemistry,BKNMU<\/li>\n<\/ul>\n<\/td>\n<\/tr>\n<\/tbody>\n<\/table>\n<table class=\"nobcon-committee\">\n<tbody>\n<tr>\n<td><strong>Expert Talk<\/strong><\/p>\n<ul>\n<li>Dr. Vaibhav Gandhi , Director, Faculty Development and Updation, ParuI University<\/li>\n<li>Dr. K.A Raval,Senior Lead Chemist-Nestle Health Science, USA<\/li>\n<li>Dr. Lalji Baldaniya,Professor &#038; Principal-Faculty of )harmacy, Marwardi Unversity, Rajkot<\/li>\n<li>Dr.Abhishek Kumar,Scientist E-INFLIBNET<\/li>\n<li>Dr.Vipula Vaghela, Assistant professor-Shardapith b.ed. college dwarka<\/li>\n<li>Dr. Ashish Tanna -Professor,RK University<\/li>\n<li>Sesha S. Srinivasan, Ph.D.-President, Florida Academy of Sciences, Department of Engineering Physics,Florida<\/li>\n<li>Dr. Naresh Sanandiya-Research Associate in Advanced Material group<br \/>\nNewcastle University,United Kingdom<\/li>\n<li>Dr Mohammad Kashif &#8211; Uddin Associate Prof Chemistry Majmaah University Riyadh Saudi Arebia<\/li>\n<li>Dr Sameer Rohadia,BI Developer &#038; IT Triner-Hannover Re,Germony<\/li>\n<li>Dr. Ankit Katrodia,Associate Professor-North West University, Mafekig at South Africa<\/li>\n<li>Dr. Prashant M. Maru , Wildlife Veterinary Officer -Sakkarbaug Zoological Park<\/li>\n<li>Dr. Jaydeep Yadav,Associate Professor-Sri B J Garaiya Homoeopathic College and Research Institute.<\/li>\n<li>Dr. Gira Mankad,Associate professor &#8211; MVM Science &#038; Homescience College<\/li>\n<li>Dr. Nishith Dharaiya ,Director &#8211; Centre of excellence for wildlife and conservation studies,BKNMU<\/li>\n<\/ul>\n<\/td>\n<\/tr>\n<tr>\n<td><strong>External Reviewer<\/strong><\/p>\n<ul>\n<li>Dr. Jinal Tailor , Associate Professor-S. S. Agrawal Institute of Management &#038; Technology, Navsari<\/li>\n<li>Dr. Arti Bagada ,Associate Professor-Department of Pharmaceutical sciences, Saurashtra University,<\/li>\n<li>Dr.Shishir Mandalia , Associate professor library science department,Sardar patel university<\/li>\n<li>Dr. Hitesh Solanki ,Assistant professor-M M Shah College of Education <\/li>\n<li>Dr. Jayesh Dhalani , Associate Professor-RK University, Rajkot<\/li>\n<li>Dr. Hardik Bhadeshiya,Assistant Professor-The Mahajraja Sayajirao Unversity of Baroda<\/li>\n<li>Dr. Jigna Trivedi , Incharge, Director-SJPI, Gandhinagar<\/li>\n<li>Dr. Nishith Dharaiya &#8211; Director,Center of Excellent for Wildlife &#038; Conservation Studies, BKNMU<\/li>\n<li>Dr. Meet N. Thumar, Assistant Professor , Kamdhenu University<\/li>\n<li>Dr. Katari Lavanya Sai,Moderator-All India Homoeopathic students and youth association<\/li>\n<li>Dr. Gira Mankad,Associate professor-M.V.M. Science and Home science College <\/li>\n<li>Dr. Ashish Tanna, Dean, School of Science, RK University<\/li>\n<\/ul>\n<\/td>\n<\/tr>\n<tr>\n<td><strong>Internal Reviewer<\/strong><\/p>\n<ul>\n<li>Dr. Hirenkumar Thakor , Associate Professor-Noble University<\/li>\n<li>Dr.Bhargav Rajyagor, Assistant Professor-Noble University<\/li>\n<li>Dr. Sheetal Buddhadev,Professor-Noble University<\/li>\n<li>Dr.Rahul Joshi , Dean, Faculty of Library Science-Noble University<\/li>\n<li>Dr Ramesh M. Boricha , Associate Professor-Noble University<\/li>\n<li>Dr. Darshan Jani,Dean, Faculty of Science-Noble University<\/li>\n<li>Dr. Riddhi Sanghvi , Coordinator, NOBCON, Principal, FOMC<\/li>\n<li>Dr. Riddhi Sanghvi , Coordinator, NOBCON, Principal, FOMC<\/li>\n<li>Dr. Dixit K Parasana, Assistant Professor , Noble University<\/li>\n<li>Dr. Aditya Dilipkumar Patil,Research Co-ordinator, Noble University<\/li>\n<li>Ankita Suvagiya, Head of Microbiology-Noble University<\/li>\n<li>Ms. Namrata Gondaliya , Assistant Professor- Noble University<\/li>\n<li>Dr. Namrata K.  Hun , Assistant Director of Research <\/li>\n<\/ul>\n<\/td>\n<\/tr>\n<\/tbody>\n<\/table>\n<p><strong>Technical Program Committee<\/strong><\/p>\n<ul>\n<li style=\"list-style-type: none;\">\n<ul>\n<li>Dr. N.M. Patel \u2013 BVM Engineering College, V V Nagar<\/li>\n<li>Dr. M.S. Holia \u2013 BVM Engineering College, V V Nagar<\/li>\n<li>Dr. R.C. Joshi \u2013 A.D. Patel Institute of Technology, New V V Nagar<\/li>\n<li>Dr. Vikash Arora \u2013 Director, Sunshine Group of Institutions, Rajkot<\/li>\n<li>Dr. Devendra Lodha \u2013 GIT, Gandhinagar<\/li>\n<li>Dr. Arti Joshi \u2013 R K University, Rajkot<\/li>\n<li>Dr. Shyam Khambholja \u2013 BBIT, V V Nagar<\/li>\n<li>Dr. Abhay Dasadia \u2013 ADIT, New V V Nagar<\/li>\n<li>Dr. Harshal Oza \u2013 PDEU, Gandhinagar<\/li>\n<li>Dr. Viral Kapadia \u2013 Deputy Director, Computer Engineering, The M S University of Baroda<\/li>\n<li>Dr. Kirit Bhatt \u2013 Principal, SPCE, Bakrol<\/li>\n<li>Dr. Axay Mehta \u2013 Associate Professor, IITRAM, Ahmedabad<\/li>\n<li>Dr. Manish Patel \u2013 Nirma University, Ahmedabad<\/li>\n<li>Dr. Rajen Patel \u2013 GIT, Gandhinagar<\/li>\n<li>Dr. Nimisha Patel \u2013 Indus University, Ahmedabad<\/li>\n<li>Dr. Ami Shah \u2013 Principal, SRPCE, Unjha<\/li>\n<\/ul>\n<\/li>\n<\/ul>\n<\/div>\n","protected":false},"excerpt":{"rendered":"","protected":false},"author":2,"featured_media":0,"parent":0,"menu_order":0,"comment_status":"closed","ping_status":"closed","template":"","meta":{"footnotes":""},"class_list":["post-6","page","type-page","status-publish","hentry"],"_links":{"self":[{"href":"https:\/\/nobleuniversity.ac.in\/nobcon\/wp-json\/wp\/v2\/pages\/6","targetHints":{"allow":["GET"]}}],"collection":[{"href":"https:\/\/nobleuniversity.ac.in\/nobcon\/wp-json\/wp\/v2\/pages"}],"about":[{"href":"https:\/\/nobleuniversity.ac.in\/nobcon\/wp-json\/wp\/v2\/types\/page"}],"author":[{"embeddable":true,"href":"https:\/\/nobleuniversity.ac.in\/nobcon\/wp-json\/wp\/v2\/users\/2"}],"replies":[{"embeddable":true,"href":"https:\/\/nobleuniversity.ac.in\/nobcon\/wp-json\/wp\/v2\/comments?post=6"}],"version-history":[{"count":90,"href":"https:\/\/nobleuniversity.ac.in\/nobcon\/wp-json\/wp\/v2\/pages\/6\/revisions"}],"predecessor-version":[{"id":974,"href":"https:\/\/nobleuniversity.ac.in\/nobcon\/wp-json\/wp\/v2\/pages\/6\/revisions\/974"}],"wp:attachment":[{"href":"https:\/\/nobleuniversity.ac.in\/nobcon\/wp-json\/wp\/v2\/media?parent=6"}],"curies":[{"name":"wp","href":"https:\/\/api.w.org\/{rel}","templated":true}]}}